 {"id":838,"date":"2019-11-27T08:43:17","date_gmt":"2019-11-27T08:43:17","guid":{"rendered":"http:\/\/www.concyl.es\/?page_id=838"},"modified":"2022-05-10T14:45:02","modified_gmt":"2022-05-10T14:45:02","slug":"programas-de-deteccion","status":"publish","type":"page","link":"https:\/\/www.concyl.es\/index.php\/programas-de-deteccion\/","title":{"rendered":"Programas de detecci\u00f3n"},"content":{"rendered":"<style>\n.center {  display: block;   margin-left: auto;   margin-right: auto;  <!-- width: 20%;--> } \n<\/style>\n<p><img decoding=\"async\" class=\"center\" src=\"https:\/\/www.concyl.es\/wp-content\/uploads\/2017\/12\/En_construccion-e1642758566558.png\" \/><\/p>\n<h5 style=\"text-align: center; margin-left: 0%;\">P\u00e1gina en construcci\u00f3n&#8230;<\/h5>\n<p style=\"text-align: center; margin-left: 5%;\">Estamos trabajando en esta secci\u00f3n de la web. Estar\u00e1 disponible pr\u00f3ximamente.<\/p>\n","protected":false},"excerpt":{"rendered":"<p>P\u00e1gina en construcci\u00f3n&#8230; Estamos trabajando en esta secci\u00f3n de la web. Estar\u00e1 disponible pr\u00f3ximamente.<\/p>\n","protected":false},"author":1,"featured_media":0,"parent":0,"menu_order":0,"comment_status":"closed","ping_status":"closed","template":"page-full-width.php","meta":{"footnotes":""},"class_list":["post-838","page","type-page","status-publish","hentry"],"_links":{"self":[{"href":"https:\/\/www.concyl.es\/index.php\/wp-json\/wp\/v2\/pages\/838","targetHints":{"allow":["GET"]}}],"collection":[{"href":"https:\/\/www.concyl.es\/index.php\/wp-json\/wp\/v2\/pages"}],"about":[{"href":"https:\/\/www.concyl.es\/index.php\/wp-json\/wp\/v2\/types\/page"}],"author":[{"embeddable":true,"href":"https:\/\/www.concyl.es\/index.php\/wp-json\/wp\/v2\/users\/1"}],"replies":[{"embeddable":true,"href":"https:\/\/www.concyl.es\/index.php\/wp-json\/wp\/v2\/comments?post=838"}],"version-history":[{"count":5,"href":"https:\/\/www.concyl.es\/index.php\/wp-json\/wp\/v2\/pages\/838\/revisions"}],"predecessor-version":[{"id":3441,"href":"https:\/\/www.concyl.es\/index.php\/wp-json\/wp\/v2\/pages\/838\/revisions\/3441"}],"wp:attachment":[{"href":"https:\/\/www.concyl.es\/index.php\/wp-json\/wp\/v2\/media?parent=838"}],"curies":[{"name":"wp","href":"https:\/\/api.w.org\/{rel}","templated":true}]}}