 {"id":818,"date":"2019-11-26T15:17:50","date_gmt":"2019-11-26T15:17:50","guid":{"rendered":"http:\/\/www.concyl.es\/?page_id=818"},"modified":"2022-05-10T14:38:37","modified_gmt":"2022-05-10T14:38:37","slug":"participacion-en-organismos-e-instituciones-regionales-publicas-y-privadas","status":"publish","type":"page","link":"https:\/\/www.concyl.es\/index.php\/participacion-en-organismos-e-instituciones-regionales-publicas-y-privadas\/","title":{"rendered":"Participaci\u00f3n en organismos<br> e instituciones regionales, <br>p\u00fablicas y privadas"},"content":{"rendered":"<style>\n<p>h33 {  margin:0% 10% 0% 10%!important;} \nh3 {  color: #FFFCD1!important;  background: #006938!important;  padding: 5px 5px 5px 30px!important;  margin:2% 0% 0% 10%!important;} \nh5 {  margin:3% 10% 0% 10%!important;} \ntable {  margin:1% 10% 0% 10%!important;} \ntd { color:#777777 !important;} \n<\/style>\n<h3>PARTICIPACI\u00d3N DEL CONSEJO EN ORGANISMOS E INSTITUCIONES REGIONALES, P\u00daBLICAS Y PRIVADAS.<\/h3>\n<p style=\"margin: 2% 10% 0% 10%!important;\">El Consejo de Farmac\u00e9uticos de Castilla y Le\u00f3n forma parte de:<\/p>\n<ul style=\"list-style: disc outside none; padding: 10px 0px 10px 50px; text-align: justify; margin: 2% 10% 0% 10%!important;\">\n<li>Comisi\u00f3n Regional de Farmacia.<\/li>\n<li>Comisi\u00f3n de Formaci\u00f3n Continuada de las Profesiones Sanitarias de Castilla y Le\u00f3n.<\/li>\n<li>Observatorio de la Comunicad de Castilla y Le\u00f3n. Secci\u00f3n de agresiones al personal de centros sanitarios.<\/li>\n<li>Consejo Regional de Salud.<\/li>\n<li>Facultad de Farmacia. Universidad de Salamanca:\n<ul style=\"list-style: disc outside none; padding: 10px 0px 10px 50px; text-align: justify; margin: 2% 10% 0% 5%!important;\">\n<li>Comisi\u00f3n Mixta De Pr\u00e1cticas Tuteladas De Oficina De Farmacia Y Servicios De Farmacia Hospitalaria<\/li>\n<li>Comisi\u00f3n de Calidad de Grado<\/li>\n<\/ul>\n<\/li>\n<li>Uni\u00f3n Profesional de Castilla y Le\u00f3n.<\/li>\n<\/ul>\n","protected":false},"excerpt":{"rendered":"<p>PARTICIPACI\u00d3N DEL CONSEJO EN ORGANISMOS E INSTITUCIONES REGIONALES, P\u00daBLICAS Y PRIVADAS. El Consejo de Farmac\u00e9uticos de Castilla y Le\u00f3n forma parte de: Comisi\u00f3n Regional de Farmacia. Comisi\u00f3n de Formaci\u00f3n Continuada de las Profesiones Sanitarias de Castilla y Le\u00f3n. Observatorio de la Comunicad de Castilla y Le\u00f3n. Secci\u00f3n de agresiones al personal de centros sanitarios. Consejo [&hellip;]<\/p>\n","protected":false},"author":1,"featured_media":0,"parent":0,"menu_order":0,"comment_status":"closed","ping_status":"closed","template":"page-full-width.php","meta":{"footnotes":""},"class_list":["post-818","page","type-page","status-publish","hentry"],"_links":{"self":[{"href":"https:\/\/www.concyl.es\/index.php\/wp-json\/wp\/v2\/pages\/818","targetHints":{"allow":["GET"]}}],"collection":[{"href":"https:\/\/www.concyl.es\/index.php\/wp-json\/wp\/v2\/pages"}],"about":[{"href":"https:\/\/www.concyl.es\/index.php\/wp-json\/wp\/v2\/types\/page"}],"author":[{"embeddable":true,"href":"https:\/\/www.concyl.es\/index.php\/wp-json\/wp\/v2\/users\/1"}],"replies":[{"embeddable":true,"href":"https:\/\/www.concyl.es\/index.php\/wp-json\/wp\/v2\/comments?post=818"}],"version-history":[{"count":12,"href":"https:\/\/www.concyl.es\/index.php\/wp-json\/wp\/v2\/pages\/818\/revisions"}],"predecessor-version":[{"id":2959,"href":"https:\/\/www.concyl.es\/index.php\/wp-json\/wp\/v2\/pages\/818\/revisions\/2959"}],"wp:attachment":[{"href":"https:\/\/www.concyl.es\/index.php\/wp-json\/wp\/v2\/media?parent=818"}],"curies":[{"name":"wp","href":"https:\/\/api.w.org\/{rel}","templated":true}]}}