 {"id":807,"date":"2019-11-26T14:50:18","date_gmt":"2019-11-26T14:50:18","guid":{"rendered":"http:\/\/www.concyl.es\/?page_id=807"},"modified":"2022-05-10T14:33:36","modified_gmt":"2022-05-10T14:33:36","slug":"origen","status":"publish","type":"page","link":"https:\/\/www.concyl.es\/index.php\/origen\/","title":{"rendered":"Origen"},"content":{"rendered":"<style>\np {  margin:2% 10% 0% 10%!important;} \nh2 {  margin:0% 10% 0% 10%!important;} \nh3 {  color: #FFFCD1!important;  background: #006938!important;  padding: 5px 5px 5px 30px!important;  margin:2% 0% 0% 10%!important;} \n<\/style>\n<h3>Ley 3.2000. Creaci\u00f3n del CONCYL.<\/h3>\n<p>Se crea el Consejo de Colegios Profesionales de Farmac\u00e9uticos de Castilla y Le\u00f3n, como Corporaci\u00f3n de Derecho P\u00fablico<\/p>\n<p>El Consejo tiene como \u00e1mbito territorial el de la Comunidad Aut\u00f3noma de Castilla y Le\u00f3n.<\/p>\n<p><a href=\"\/wp-content\/uploads\/2017\/12\/Ley_3_2000_Creacion_del_CONCYL.pdf\"> Ver documento adjunto <\/a><\/p>\n","protected":false},"excerpt":{"rendered":"<p>Ley 3.2000. Creaci\u00f3n del CONCYL. Se crea el Consejo de Colegios Profesionales de Farmac\u00e9uticos de Castilla y Le\u00f3n, como Corporaci\u00f3n de Derecho P\u00fablico El Consejo tiene como \u00e1mbito territorial el de la Comunidad Aut\u00f3noma de Castilla y Le\u00f3n. Ver documento adjunto<\/p>\n","protected":false},"author":1,"featured_media":0,"parent":0,"menu_order":0,"comment_status":"closed","ping_status":"closed","template":"page-full-width.php","meta":{"footnotes":""},"class_list":["post-807","page","type-page","status-publish","hentry"],"_links":{"self":[{"href":"https:\/\/www.concyl.es\/index.php\/wp-json\/wp\/v2\/pages\/807","targetHints":{"allow":["GET"]}}],"collection":[{"href":"https:\/\/www.concyl.es\/index.php\/wp-json\/wp\/v2\/pages"}],"about":[{"href":"https:\/\/www.concyl.es\/index.php\/wp-json\/wp\/v2\/types\/page"}],"author":[{"embeddable":true,"href":"https:\/\/www.concyl.es\/index.php\/wp-json\/wp\/v2\/users\/1"}],"replies":[{"embeddable":true,"href":"https:\/\/www.concyl.es\/index.php\/wp-json\/wp\/v2\/comments?post=807"}],"version-history":[{"count":9,"href":"https:\/\/www.concyl.es\/index.php\/wp-json\/wp\/v2\/pages\/807\/revisions"}],"predecessor-version":[{"id":2955,"href":"https:\/\/www.concyl.es\/index.php\/wp-json\/wp\/v2\/pages\/807\/revisions\/2955"}],"wp:attachment":[{"href":"https:\/\/www.concyl.es\/index.php\/wp-json\/wp\/v2\/media?parent=807"}],"curies":[{"name":"wp","href":"https:\/\/api.w.org\/{rel}","templated":true}]}}