 {"id":637,"date":"2017-12-20T10:18:21","date_gmt":"2017-12-20T10:18:21","guid":{"rendered":"http:\/\/www.concyl.es\/?page_id=637"},"modified":"2022-05-10T14:24:52","modified_gmt":"2022-05-10T14:24:52","slug":"el-consejo","status":"publish","type":"page","link":"https:\/\/www.concyl.es\/index.php\/el-consejo\/","title":{"rendered":"El Consejo"},"content":{"rendered":"<style>\np {  margin:2% 10% 0% 10%!important;}\nh2 {  margin:0% 10% 0% 10%!important;}\nh3 {  color: #FFFCD1!important;  background: #006938!important;  padding: 5px 5px 5px 30px!important;  margin:2% 0% 0% 10%!important;}\n<\/style>\n<h3>El Consejo<\/h3>\n<p>El Consejo de Colegios Profesionales de Farmac\u00e9uticos de Castilla y Le\u00f3n es una Corporaci\u00f3n de derecho p\u00fablico con personalidad jur\u00eddica propia y plena capacidad de obrar y est\u00e1 integrado por los Colegios Oficiales de Farmac\u00e9uticos de las nueve provincias de Castilla y Le\u00f3n, creado mediante <a href=\"\/wp-content\/uploads\/2017\/12\/Ley_3_2000_Creacion_del_CONCYL.pdf\"> ley 3\/2000 de 10 de Mayo <\/a><\/p>\n<p>Entre los Fines principales del Consejo podemos destacar la importante labor de coordinaci\u00f3n y apoyo a los Colegios que lo integran, la colaboraci\u00f3n con los poderes p\u00fablicos en materia sanitaria y de control deontol\u00f3gico de la profesi\u00f3n y el velar para que la actividad profesional de los farmac\u00e9uticos se adecue a los intereses y al bienestar de los ciudadanos en materias de salud p\u00fablica.<\/p>\n<p>Su \u00e1mbito territorial el de la Comunidad Aut\u00f3noma de Castilla y Le\u00f3n.<\/p>\n","protected":false},"excerpt":{"rendered":"<p>El Consejo El Consejo de Colegios Profesionales de Farmac\u00e9uticos de Castilla y Le\u00f3n es una Corporaci\u00f3n de derecho p\u00fablico con personalidad jur\u00eddica propia y plena capacidad de obrar y est\u00e1 integrado por los Colegios Oficiales de Farmac\u00e9uticos de las nueve provincias de Castilla y Le\u00f3n, creado mediante ley 3\/2000 de 10 de Mayo Entre los [&hellip;]<\/p>\n","protected":false},"author":1,"featured_media":0,"parent":0,"menu_order":0,"comment_status":"closed","ping_status":"closed","template":"page-full-width.php","meta":{"footnotes":""},"class_list":["post-637","page","type-page","status-publish","hentry"],"_links":{"self":[{"href":"https:\/\/www.concyl.es\/index.php\/wp-json\/wp\/v2\/pages\/637","targetHints":{"allow":["GET"]}}],"collection":[{"href":"https:\/\/www.concyl.es\/index.php\/wp-json\/wp\/v2\/pages"}],"about":[{"href":"https:\/\/www.concyl.es\/index.php\/wp-json\/wp\/v2\/types\/page"}],"author":[{"embeddable":true,"href":"https:\/\/www.concyl.es\/index.php\/wp-json\/wp\/v2\/users\/1"}],"replies":[{"embeddable":true,"href":"https:\/\/www.concyl.es\/index.php\/wp-json\/wp\/v2\/comments?post=637"}],"version-history":[{"count":11,"href":"https:\/\/www.concyl.es\/index.php\/wp-json\/wp\/v2\/pages\/637\/revisions"}],"predecessor-version":[{"id":2952,"href":"https:\/\/www.concyl.es\/index.php\/wp-json\/wp\/v2\/pages\/637\/revisions\/2952"}],"wp:attachment":[{"href":"https:\/\/www.concyl.es\/index.php\/wp-json\/wp\/v2\/media?parent=637"}],"curies":[{"name":"wp","href":"https:\/\/api.w.org\/{rel}","templated":true}]}}