 {"id":579,"date":"2017-12-19T15:13:22","date_gmt":"2017-12-19T15:13:22","guid":{"rendered":"http:\/\/www.concyl.es\/?page_id=579"},"modified":"2017-12-19T15:20:29","modified_gmt":"2017-12-19T15:20:29","slug":"anticonceptivos","status":"publish","type":"page","link":"https:\/\/www.concyl.es\/index.php\/anticonceptivos\/","title":{"rendered":"Anticonceptivos"},"content":{"rendered":"<link rel=\"stylesheet\" href=\"https:\/\/www.w3schools.com\/w3css\/4\/w3.css\">\n<style>\np {  margin:2% 10% 0% 0%!important;}\n<\/style>\n<h4 style=\"text-align: left;margin-left:5%;\">ANTICONCEPTIVOS ORALES: DUDAS Y MITOS<\/h4>\n<div class=\"w3-row\">\n<div class=\"w3-container w3-third\">\n   <img decoding=\"async\" src=\"\/CONCYL\/wp-content\/uploads\/2017\/12\/anticonceptivos.jpg\"  style=\"display:block; width:80%; margin:2% 4% 0% 12%;\"><\/p><\/div>\n<div class=\"w3-container w3-twothird\">\n<p> Los <b>anticonceptivos orales<\/b> son medicamentos compuestos por hormonas sinteticas similares a las hormonas femeninas naturales(estr\u00f3genos y progesterona).<\/p>\n<p> Constituyen un m\u00e9todo anticonceptivo reversible y regulador muy eficaz. Actuan principalmente impidiendo la ovulaci\u00f3n, pero ademas dificultan la entrada de espermatozoides al \u00fatero.<\/p>\n<p>Existe una gran cantidad de anticonceptivos orales distintos, cuya dispensaci\u00f3n ser\u00e1 siempre con receta m\u00e9dica.<\/p>\n<p> Es imprescindible realizar una consulta ginecol\u00f3gica previa al tratamiento y revisiones peri\u00f3dicas, ya que es el especialista quien debe decidir cual es el m\u00e1s adecuado para cada paciente para cada momento de su vida. <\/p>\n<p>  <a href=\"\/CONCYL\/wp-content\/uploads\/2017\/12\/Anticonceptivos.pdf\" target=\"_blank\"><br \/>\n  D\u00edptico adjunto <img decoding=\"async\" src=\"\/CONCYL\/wp-content\/uploads\/2017\/12\/pdf.png\"  \/><\/a>    <\/p><\/div>\n<\/div>\n","protected":false},"excerpt":{"rendered":"<p>ANTICONCEPTIVOS ORALES: DUDAS Y MITOS Los anticonceptivos orales son medicamentos compuestos por hormonas sinteticas similares a las hormonas femeninas naturales(estr\u00f3genos y progesterona). Constituyen un m\u00e9todo anticonceptivo reversible y regulador muy eficaz. Actuan principalmente impidiendo la ovulaci\u00f3n, pero ademas dificultan la entrada de espermatozoides al \u00fatero. Existe una gran cantidad de anticonceptivos orales distintos, cuya dispensaci\u00f3n [&hellip;]<\/p>\n","protected":false},"author":1,"featured_media":0,"parent":0,"menu_order":0,"comment_status":"closed","ping_status":"closed","template":"page-full-width.php","meta":{"footnotes":""},"class_list":["post-579","page","type-page","status-publish","hentry"],"_links":{"self":[{"href":"https:\/\/www.concyl.es\/index.php\/wp-json\/wp\/v2\/pages\/579","targetHints":{"allow":["GET"]}}],"collection":[{"href":"https:\/\/www.concyl.es\/index.php\/wp-json\/wp\/v2\/pages"}],"about":[{"href":"https:\/\/www.concyl.es\/index.php\/wp-json\/wp\/v2\/types\/page"}],"author":[{"embeddable":true,"href":"https:\/\/www.concyl.es\/index.php\/wp-json\/wp\/v2\/users\/1"}],"replies":[{"embeddable":true,"href":"https:\/\/www.concyl.es\/index.php\/wp-json\/wp\/v2\/comments?post=579"}],"version-history":[{"count":11,"href":"https:\/\/www.concyl.es\/index.php\/wp-json\/wp\/v2\/pages\/579\/revisions"}],"predecessor-version":[{"id":591,"href":"https:\/\/www.concyl.es\/index.php\/wp-json\/wp\/v2\/pages\/579\/revisions\/591"}],"wp:attachment":[{"href":"https:\/\/www.concyl.es\/index.php\/wp-json\/wp\/v2\/media?parent=579"}],"curies":[{"name":"wp","href":"https:\/\/api.w.org\/{rel}","templated":true}]}}