 {"id":566,"date":"2017-12-19T14:54:28","date_gmt":"2017-12-19T14:54:28","guid":{"rendered":"http:\/\/www.concyl.es\/?page_id=566"},"modified":"2017-12-19T14:55:16","modified_gmt":"2017-12-19T14:55:16","slug":"medicinales","status":"publish","type":"page","link":"https:\/\/www.concyl.es\/index.php\/medicinales\/","title":{"rendered":"Medicinales"},"content":{"rendered":"<link rel=\"stylesheet\" href=\"https:\/\/www.w3schools.com\/w3css\/4\/w3.css\">\n<style>\np {  margin:2% 10% 0% 0%!important;}\n<\/style>\n<h4 style=\"text-align: left;margin-left:5%;\">MEDICAMENTOS ELABORADOS A BASE DE PLANTAS MEDICINALES, S\u00d3LO EN LA FARMACIA<\/h4>\n<div class=\"w3-row\">\n<div class=\"w3-container w3-third\">\n   <img decoding=\"async\" src=\"\/CONCYL\/wp-content\/uploads\/2017\/12\/medicinales.jpg\"  style=\"display:block; width:80%; margin:2% 4% 0% 12%;\"><\/p><\/div>\n<div class=\"w3-container w3-twothird\">\n<p> La <b>sexta<\/b> de estas campa\u00f1as con el t\u00edtulo <b>\u00abMedicamentos elaborados a base de plantas medicinales, solo en la farmacia\u00bb<\/b>, se ha iniciado el d\u00eda 15 de julio de 2011, y es la que se est\u00e1 desarrollando en la actualidad desde todas las oficinas de farmacia de Castilla y Le\u00f3n. Tiene como objetivo principal informar al paciente sobre todo tipo de medicamentos elaborados a base de plantas medicinales, que pueden utilizarse para el tratamiento de patolog\u00edas leves y que s\u00f3lo se pueden adquirir a trav\u00e9s de las farmacias y concienciarle sobre la importancia de conocer sus propiedades y efectos antes de comenzar el tratamiento de cualquier patolog\u00eda, ya que un mal uso de los mismos puede ocasionarle problemas de salud.<\/p>\n<\/p><\/div>\n<\/div>\n","protected":false},"excerpt":{"rendered":"<p>MEDICAMENTOS ELABORADOS A BASE DE PLANTAS MEDICINALES, S\u00d3LO EN LA FARMACIA La sexta de estas campa\u00f1as con el t\u00edtulo \u00abMedicamentos elaborados a base de plantas medicinales, solo en la farmacia\u00bb, se ha iniciado el d\u00eda 15 de julio de 2011, y es la que se est\u00e1 desarrollando en la actualidad desde todas las oficinas de [&hellip;]<\/p>\n","protected":false},"author":1,"featured_media":0,"parent":0,"menu_order":0,"comment_status":"closed","ping_status":"closed","template":"page-full-width.php","meta":{"footnotes":""},"class_list":["post-566","page","type-page","status-publish","hentry"],"_links":{"self":[{"href":"https:\/\/www.concyl.es\/index.php\/wp-json\/wp\/v2\/pages\/566","targetHints":{"allow":["GET"]}}],"collection":[{"href":"https:\/\/www.concyl.es\/index.php\/wp-json\/wp\/v2\/pages"}],"about":[{"href":"https:\/\/www.concyl.es\/index.php\/wp-json\/wp\/v2\/types\/page"}],"author":[{"embeddable":true,"href":"https:\/\/www.concyl.es\/index.php\/wp-json\/wp\/v2\/users\/1"}],"replies":[{"embeddable":true,"href":"https:\/\/www.concyl.es\/index.php\/wp-json\/wp\/v2\/comments?post=566"}],"version-history":[{"count":1,"href":"https:\/\/www.concyl.es\/index.php\/wp-json\/wp\/v2\/pages\/566\/revisions"}],"predecessor-version":[{"id":567,"href":"https:\/\/www.concyl.es\/index.php\/wp-json\/wp\/v2\/pages\/566\/revisions\/567"}],"wp:attachment":[{"href":"https:\/\/www.concyl.es\/index.php\/wp-json\/wp\/v2\/media?parent=566"}],"curies":[{"name":"wp","href":"https:\/\/api.w.org\/{rel}","templated":true}]}}