 {"id":562,"date":"2017-12-19T14:50:39","date_gmt":"2017-12-19T14:50:39","guid":{"rendered":"http:\/\/www.concyl.es\/?page_id=562"},"modified":"2017-12-19T14:50:43","modified_gmt":"2017-12-19T14:50:43","slug":"falsificaciones","status":"publish","type":"page","link":"https:\/\/www.concyl.es\/index.php\/falsificaciones\/","title":{"rendered":"Falsificaciones"},"content":{"rendered":"<link rel=\"stylesheet\" href=\"https:\/\/www.w3schools.com\/w3css\/4\/w3.css\">\n<style>\np {  margin:2% 10% 0% 0%!important;}\n<\/style>\n<h4 style=\"text-align: left;margin-left:5%;\">POR TU SEGURIDAD LOS MEDICAMENTOS S\u00d3LO EN LA FARMACIA<\/h4>\n<div class=\"w3-row\">\n<div class=\"w3-container w3-third\">\n   <img decoding=\"async\" src=\"\/CONCYL\/wp-content\/uploads\/2017\/12\/falsificacion.jpg\"   style=\"display:block; width:80%; margin:2% 4% 0% 12%;\"><\/p><\/div>\n<div class=\"w3-container w3-twothird\">\n<p> La <b>quinta<\/b> campa\u00f1a sanitaria, se inici\u00f3 el d\u00eda 18 de marzo de 2011 bajo el t\u00edtulo <b>\u00abMedicamentos en Internet: Riesgo de falsificaciones. Por tu seguridad, los medicamentos s\u00f3lo en la farmacia\u00bb<\/b>, que tiene como principal finalidad CONCIENCIAR al paciente sobre Internet y sobre los riesgos que tiene para la salud la administraci\u00f3n de medicamentos adquiridos sin las necesarias garant\u00edas sanitarias.<\/p>\n<\/p><\/div>\n<\/div>\n","protected":false},"excerpt":{"rendered":"<p>POR TU SEGURIDAD LOS MEDICAMENTOS S\u00d3LO EN LA FARMACIA La quinta campa\u00f1a sanitaria, se inici\u00f3 el d\u00eda 18 de marzo de 2011 bajo el t\u00edtulo \u00abMedicamentos en Internet: Riesgo de falsificaciones. Por tu seguridad, los medicamentos s\u00f3lo en la farmacia\u00bb, que tiene como principal finalidad CONCIENCIAR al paciente sobre Internet y sobre los riesgos que [&hellip;]<\/p>\n","protected":false},"author":1,"featured_media":0,"parent":0,"menu_order":0,"comment_status":"closed","ping_status":"closed","template":"page-full-width.php","meta":{"footnotes":""},"class_list":["post-562","page","type-page","status-publish","hentry"],"_links":{"self":[{"href":"https:\/\/www.concyl.es\/index.php\/wp-json\/wp\/v2\/pages\/562","targetHints":{"allow":["GET"]}}],"collection":[{"href":"https:\/\/www.concyl.es\/index.php\/wp-json\/wp\/v2\/pages"}],"about":[{"href":"https:\/\/www.concyl.es\/index.php\/wp-json\/wp\/v2\/types\/page"}],"author":[{"embeddable":true,"href":"https:\/\/www.concyl.es\/index.php\/wp-json\/wp\/v2\/users\/1"}],"replies":[{"embeddable":true,"href":"https:\/\/www.concyl.es\/index.php\/wp-json\/wp\/v2\/comments?post=562"}],"version-history":[{"count":1,"href":"https:\/\/www.concyl.es\/index.php\/wp-json\/wp\/v2\/pages\/562\/revisions"}],"predecessor-version":[{"id":563,"href":"https:\/\/www.concyl.es\/index.php\/wp-json\/wp\/v2\/pages\/562\/revisions\/563"}],"wp:attachment":[{"href":"https:\/\/www.concyl.es\/index.php\/wp-json\/wp\/v2\/media?parent=562"}],"curies":[{"name":"wp","href":"https:\/\/api.w.org\/{rel}","templated":true}]}}