 {"id":560,"date":"2017-12-19T14:13:26","date_gmt":"2017-12-19T14:13:26","guid":{"rendered":"http:\/\/www.concyl.es\/?page_id=560"},"modified":"2017-12-19T15:32:44","modified_gmt":"2017-12-19T15:32:44","slug":"antibioticos","status":"publish","type":"page","link":"https:\/\/www.concyl.es\/index.php\/antibioticos\/","title":{"rendered":"Antibi\u00f3ticos"},"content":{"rendered":"<link rel=\"stylesheet\" href=\"https:\/\/www.w3schools.com\/w3css\/4\/w3.css\">\n<style>\np {  margin:2% 10% 0% 0%!important;}\n<\/style>\n<h4 style=\"text-align: left;margin-left:5%;\">LOS ANTIB\u00cdOTICOS SIEMPRE CON RECETA EN LA FARMACIA<\/h4>\n<div class=\"w3-row\">\n<div class=\"w3-container w3-third\">\n   <img decoding=\"async\" src=\"\/CONCYL\/wp-content\/uploads\/2017\/12\/antibioticos.jpg\"   style=\"display:block; width:80%; margin:2% 4% 0% 12%;\"><\/p><\/div>\n<div class=\"w3-container w3-twothird\">\n<p> La cuarta campa\u00f1a comenz\u00f3 en noviembre de 2010 con el t\u00edtulo <b>\u00abLos antibi\u00f3ticos siempre con receta en tu farmacia\u00bb<\/b>. Tiene como principal objetivo la concienciaci\u00f3n del paciente sobre la importancia del uso correcto de los antibi\u00f3ticos y sobre los efectos perniciosos que puede provocar la automedicaci\u00f3n.<\/p>\n<\/p><\/div>\n<\/div>\n","protected":false},"excerpt":{"rendered":"<p>LOS ANTIB\u00cdOTICOS SIEMPRE CON RECETA EN LA FARMACIA La cuarta campa\u00f1a comenz\u00f3 en noviembre de 2010 con el t\u00edtulo \u00abLos antibi\u00f3ticos siempre con receta en tu farmacia\u00bb. Tiene como principal objetivo la concienciaci\u00f3n del paciente sobre la importancia del uso correcto de los antibi\u00f3ticos y sobre los efectos perniciosos que puede provocar la automedicaci\u00f3n.<\/p>\n","protected":false},"author":1,"featured_media":0,"parent":0,"menu_order":0,"comment_status":"closed","ping_status":"closed","template":"page-full-width.php","meta":{"footnotes":""},"class_list":["post-560","page","type-page","status-publish","hentry"],"_links":{"self":[{"href":"https:\/\/www.concyl.es\/index.php\/wp-json\/wp\/v2\/pages\/560","targetHints":{"allow":["GET"]}}],"collection":[{"href":"https:\/\/www.concyl.es\/index.php\/wp-json\/wp\/v2\/pages"}],"about":[{"href":"https:\/\/www.concyl.es\/index.php\/wp-json\/wp\/v2\/types\/page"}],"author":[{"embeddable":true,"href":"https:\/\/www.concyl.es\/index.php\/wp-json\/wp\/v2\/users\/1"}],"replies":[{"embeddable":true,"href":"https:\/\/www.concyl.es\/index.php\/wp-json\/wp\/v2\/comments?post=560"}],"version-history":[{"count":2,"href":"https:\/\/www.concyl.es\/index.php\/wp-json\/wp\/v2\/pages\/560\/revisions"}],"predecessor-version":[{"id":596,"href":"https:\/\/www.concyl.es\/index.php\/wp-json\/wp\/v2\/pages\/560\/revisions\/596"}],"wp:attachment":[{"href":"https:\/\/www.concyl.es\/index.php\/wp-json\/wp\/v2\/media?parent=560"}],"curies":[{"name":"wp","href":"https:\/\/api.w.org\/{rel}","templated":true}]}}