 {"id":556,"date":"2017-12-19T14:08:28","date_gmt":"2017-12-19T14:08:28","guid":{"rendered":"http:\/\/www.concyl.es\/?page_id=556"},"modified":"2017-12-19T14:54:53","modified_gmt":"2017-12-19T14:54:53","slug":"productos-de-parafarmacia-y-publicitarios","status":"publish","type":"page","link":"https:\/\/www.concyl.es\/index.php\/productos-de-parafarmacia-y-publicitarios\/","title":{"rendered":"Productos de parafarmacia y publicitarios"},"content":{"rendered":"<link rel=\"stylesheet\" href=\"https:\/\/www.w3schools.com\/w3css\/4\/w3.css\">\n<style>\np {  margin:2% 10% 0% 0%!important;}\n<\/style>\n<h4 style=\"text-align: left;margin-left:5%;\">PRODUCTOS DE PARAFARMACIA Y PUBLICITARIOS<\/h4>\n<div class=\"w3-row\">\n<div class=\"w3-container w3-third\">\n   <img decoding=\"async\" src=\"\/CONCYL\/wp-content\/uploads\/2017\/12\/producto.jpg\"   style=\"display:block; width:80%; margin:2% 4% 0% 12%;\"><\/p><\/div>\n<div class=\"w3-container w3-twothird\">\n<p> La <b>segunda<\/b> de estas campa\u00f1as se puso en marcha en marzo de 2010 bajo el t\u00edtulo <b>\u00abProductos de parafarmacia y publicitarios\u00bb<\/b>, con ella tratamos de resaltar la importancia de la labor sanitaria que realiza el farmac\u00e9utico, en la dispensaci\u00f3n de este tipo de medicamentos y productos, insistiendo as\u00ed en la garant\u00eda sanitaria que aporta la intervenci\u00f3n farmac\u00e9utica, ya que en estos casos es el \u00fanico profesional sanitario que se relaciona con el paciente.\n <\/p>\n<\/p><\/div>\n<\/div>\n","protected":false},"excerpt":{"rendered":"<p>PRODUCTOS DE PARAFARMACIA Y PUBLICITARIOS La segunda de estas campa\u00f1as se puso en marcha en marzo de 2010 bajo el t\u00edtulo \u00abProductos de parafarmacia y publicitarios\u00bb, con ella tratamos de resaltar la importancia de la labor sanitaria que realiza el farmac\u00e9utico, en la dispensaci\u00f3n de este tipo de medicamentos y productos, insistiendo as\u00ed en la [&hellip;]<\/p>\n","protected":false},"author":1,"featured_media":0,"parent":0,"menu_order":0,"comment_status":"closed","ping_status":"closed","template":"page-full-width.php","meta":{"footnotes":""},"class_list":["post-556","page","type-page","status-publish","hentry"],"_links":{"self":[{"href":"https:\/\/www.concyl.es\/index.php\/wp-json\/wp\/v2\/pages\/556","targetHints":{"allow":["GET"]}}],"collection":[{"href":"https:\/\/www.concyl.es\/index.php\/wp-json\/wp\/v2\/pages"}],"about":[{"href":"https:\/\/www.concyl.es\/index.php\/wp-json\/wp\/v2\/types\/page"}],"author":[{"embeddable":true,"href":"https:\/\/www.concyl.es\/index.php\/wp-json\/wp\/v2\/users\/1"}],"replies":[{"embeddable":true,"href":"https:\/\/www.concyl.es\/index.php\/wp-json\/wp\/v2\/comments?post=556"}],"version-history":[{"count":4,"href":"https:\/\/www.concyl.es\/index.php\/wp-json\/wp\/v2\/pages\/556\/revisions"}],"predecessor-version":[{"id":568,"href":"https:\/\/www.concyl.es\/index.php\/wp-json\/wp\/v2\/pages\/556\/revisions\/568"}],"wp:attachment":[{"href":"https:\/\/www.concyl.es\/index.php\/wp-json\/wp\/v2\/media?parent=556"}],"curies":[{"name":"wp","href":"https:\/\/api.w.org\/{rel}","templated":true}]}}