 {"id":3612,"date":"2025-03-21T14:23:23","date_gmt":"2025-03-21T14:23:23","guid":{"rendered":"https:\/\/www.concyl.es\/?page_id=3612"},"modified":"2025-03-21T14:26:27","modified_gmt":"2025-03-21T14:26:27","slug":"alimentacion-complementaria","status":"publish","type":"page","link":"https:\/\/www.concyl.es\/index.php\/alimentacion-complementaria\/","title":{"rendered":"Alimentaci\u00f3n Complementaria"},"content":{"rendered":"\n<p><style>\n  \/* Estilos generales *\/\n  body {\n    font-family: Arial, sans-serif;\n    margin: 0;\n    padding: 0;\n  }\n\n  \/* Contenedor principal *\/\n  .contenedor {\n    max-width: 759px;\n    margin: 0 auto;\n    padding: 0 10px;\n  }\n\n  \/* Estilos para los enlaces de descarga *\/\n  .download-link {\n    display: block;\n    margin-bottom: 15px;\n    text-decoration: none;\n    color: #006938 !important;\n  }\n\n  .download-link i {\n    font-size: 24px;\n    vertical-align: middle;\n  }\n\n  .download-link span {\n    font-weight: bold;\n    margin-left: 8px;\n  }\n\n  \/* Estilos para el separador *\/\n  .separator {\n    margin: 20px 0 0 0 !important;\n    text-align: center;\n    color: #FFFCD1 !important;\n    background: #006938 !important;\n    width: 100%;\n    box-sizing: border-box;\n    padding: 10px 0;\n  }\n\n  \/* Estilos para el grid de im\u00e1genes en formato 3x2 (modificado para 6 im\u00e1genes) *\/\n  .image-grid {\n    display: grid;\n    grid-template-columns: repeat(2, 1fr);  \n    grid-gap: 10px; \/* Espacio entre im\u00e1genes *\/\n    margin: 20px 0;\n  }\n\n  .image-grid img {\n    width: 100%;\n    height: auto;\n    display: block;\n    cursor: pointer;\n    transition: transform 0.2s;\n  }\n\n  .image-grid img:hover {\n    transform: scale(1.05);\n  }\n\n  \/* Estilos para el modal *\/\n  .modal {\n    display: none; \/* Oculto por defecto *\/\n    position: fixed;\n    z-index: 1000;\n    left: 0;\n    top: 0;\n    width: 100%;\n    height: 100%;\n    overflow: auto;\n    background-color: rgba(0, 0, 0, 0.8);\n  }\n\n  .modal-content {\n    margin: 5% auto;\n    display: block;\n    max-width: 90%;\n    max-height: 80%;\n  }\n\n  \/* Estilos para cerrar el modal *\/\n  .close-modal {\n    position: absolute;\n    top: 20px;\n    right: 35px;\n    color: #fff;\n    font-size: 40px;\n    font-weight: bold;\n    cursor: pointer;\n  }\n\n  .close-modal:hover,\n  .close-modal:focus {\n    color: #bbb;\n    text-decoration: none;\n    cursor: pointer;\n  }\n\n  \/* Estilos para el texto en columna \u00fanica *\/\n  .texto-columna p,\n  .texto-columna ul,\n  .texto-columna ol,\n  .texto-columna hr {\n    margin: 15px 0;\n    text-align: justify;\n  }\n\n  \/* Margen extra entre el t\u00edtulo \"Enlaces\" y la lista de enlaces *\/\n  .enlaces {\n    margin-top: 20px;\n  }\n<\/style><\/p>\n<!-- Contenedor principal -->\n<div class=\"contenedor\"><!-- Separador \"Alimentaci\u00f3n Complementaria en el Lactante\" -->\n<h3 class=\"separator\">Alimentaci\u00f3n Complementaria en el Lactante<\/h3>\n<!-- Grid de im\u00e1genes en cuadr\u00edcula 3x2 -->\n<div class=\"image-grid\"><!-- Imagen 1 -->\n<div><img decoding=\"async\" class=\"clickable-image\" src=\"https:\/\/www.concyl.es\/wp-content\/uploads\/2025\/03\/Diapositiva1.png\" alt=\"Alimentaci\u00f3n Complementaria 1\" \/><\/div>\n<!-- Imagen 2 -->\n<div><img decoding=\"async\" class=\"clickable-image\" src=\"https:\/\/www.concyl.es\/wp-content\/uploads\/2025\/03\/Diapositiva2.png\" alt=\"Alimentaci\u00f3n Complementaria 2\" \/><\/div>\n<!-- Imagen 3 -->\n<div><img decoding=\"async\" class=\"clickable-image\" src=\"https:\/\/www.concyl.es\/wp-content\/uploads\/2025\/03\/Diapositiva3.png\" alt=\"Alimentaci\u00f3n Complementaria 3\" \/><\/div>\n<!-- Imagen 4 -->\n<div><img decoding=\"async\" class=\"clickable-image\" src=\"https:\/\/www.concyl.es\/wp-content\/uploads\/2025\/03\/Diapositiva4.png\" alt=\"Alimentaci\u00f3n Complementaria 4\" \/><\/div>\n<!-- Imagen 5 -->\n<div><img decoding=\"async\" class=\"clickable-image\" src=\"https:\/\/www.concyl.es\/wp-content\/uploads\/2025\/03\/Diapositiva5.png\" alt=\"Alimentaci\u00f3n Complementaria 5\" \/><\/div>\n<!-- Imagen 6 -->\n<div><img decoding=\"async\" class=\"clickable-image\" src=\"https:\/\/www.concyl.es\/wp-content\/uploads\/2025\/03\/Diapositiva6.png\" alt=\"Alimentaci\u00f3n Complementaria 6\" \/><\/div>\n<\/div>\n<!-- Modal para mostrar im\u00e1genes en tama\u00f1o completo -->\n<div id=\"imageModal\" class=\"modal\"><span class=\"close-modal\">\u00d7<\/span> <img id=\"modalImage\" class=\"modal-content\" \/><\/div>\n<!-- Contenedor para el texto en columna \u00fanica -->\n<div class=\"texto-columna\">\n<h2>ALIMENTACI\u00d3N COMPLEMENTARIA EN EL LACTANTE<\/h2>\n<p>La alimentaci\u00f3n complementar\u00eda (AC) consiste en la introducci\u00f3n progresiva de los alimentos necesarios para complementar la lactancia a partir de los 6 meses de edad. Adelantar o retrasar la introducci\u00f3n de la AC puede conllevar riesgos.<\/p>\n<hr \/>\n<h3>RECOMENDACIONES:<\/h3>\n<p>Es conveniente esperar a que el beb\u00e9 est\u00e9 preparado para la introducci\u00f3n de alimentos:<\/p>\n<ul>\n<li>Presentar un inter\u00e9s activo por la comida.<\/li>\n<li>La desaparici\u00f3n del reflejo de extrusi\u00f3n (expulsi\u00f3n de alimentos no l\u00edquidos con la lengua).<\/li>\n<li>Ser capaz de coger comida con la mano y llevarla a la boca.<\/li>\n<li>Mantener la postura de sedestaci\u00f3n con apoyo.<\/li>\n<li>Respetar las se\u00f1ales de hambre y saciedad y no distraer al beb\u00e9 mientras come.<\/li>\n<\/ul>\n<hr \/>\n<h3>INTRODUCCI\u00d3N DE LOS ALIMENTOS:<\/h3>\n<ul>\n<li>Los cuidadores deben ofrecer comida sana, nutritiva y segura, y el lactante es el que decide cu\u00e1nta cantidad come. Los alimentos deben aportar la suficiente energ\u00eda, prote\u00edna y micronutrientes de manera que, junto a la lactancia materna o artificial, cubran todas las necesidades del ni\u00f1o en esta etapa.<\/li>\n<li>Se debe tener un especial cuidado en la introducci\u00f3n de los alimentos potencialmente alerg\u00e9nicos y el gluten.<\/li>\n<\/ul>\n<hr \/>\n<h3>M\u00c9TODOS DE INTRODUCCI\u00d3N:<\/h3>\n<ul>\n<li>Alimentaci\u00f3n con textura modificada dirigida por los padres:\n<ul>\n<li>Papillas, pur\u00e9s\u2026<\/li>\n<\/ul>\n<\/li>\n<li>Alimentaci\u00f3n con textura m\u00ednimamente modificada dirigida por el beb\u00e9:\n<ul>\n<li>Baby Led Weaning (BLW)<\/li>\n<li>Baby Led Introducing to Solids (BLISS)<\/li>\n<\/ul>\n<\/li>\n<\/ul>\n<hr \/>\n<h3>CALENDARIO DE INTRODUCCI\u00d3N<\/h3>\n<ul>\n<li>Se recomienda aumentar progresivamente la consistencia de los alimentos y comenzar con texturas grumosas y semis\u00f3lidas lo antes posible.<\/li>\n<li>Ofrecer los alimentos de uno en uno, con intervalos de unos d\u00edas, para observar la tolerancia y la aceptaci\u00f3n.<\/li>\n<li>No a\u00f1adirles sal, az\u00facar ni edulcorantes, para que el beb\u00e9 se acostumbre a los sabores reales del alimento.<\/li>\n<li>El alimento principal sigue siendo la leche materna o de f\u00f3rmula, que debe ofrecerse a demanda o con frecuencia.<\/li>\n<\/ul>\n<\/div>\n<!-- Separador \"Enlaces\" con margen superior adicional -->\n<h3 class=\"separator enlaces\">Enlaces<\/h3>\n<ul>\n<li><a href=\"https:\/\/www.linkedin.com\/posts\/concyl-consejo-de-colegios-profesionales-de-farmac%C3%A9uticos-42b03034a_mar%C3%ADa-grande-fern%C3%A1ndez-vocal%C3%ADa-de-alimentaci%C3%B3n-activity-7308811839864291329-lqIx?utm_source=share&amp;utm_medium=member_desktop&amp;rcm=ACoAAFc2lWMBZTV6T2CbdBqIY8hJo0SdZgPTrgs\" target=\"_blank\" rel=\"noopener\">Enlace a Linkedin<\/a><\/li>\n<li><a href=\"https:\/\/www.instagram.com\/p\/DHdQJnoI6mm\/?igsh=MTB3YW5vcDAydGltNA%3D%3D\" target=\"_blank\" rel=\"noopener\">Enlace a Instagram<\/a><\/li>\n<li><a href=\"https:\/\/publish.twitter.com\/?query=https%3A%2F%2Ftwitter.com%2FFarmaConcyl%2Fstatus%2F1903045827691430134&amp;widget=Tweet\" target=\"_blank\" rel=\"noopener\">Enlace a X (Twitter)<\/a><\/li>\n<\/ul>\n<\/div>\n<!-- Scripts para el modal -->\n<p><script>\n  \/\/ Obtener elementos del DOM\n  const modal = document.getElementById('imageModal');\n  const modalImg = document.getElementById('modalImage');\n  const closeModal = document.getElementsByClassName('close-modal')[0];\n  const images = document.querySelectorAll('.clickable-image');\n\n  \/\/ A\u00f1adir evento de clic a cada imagen\n  images.forEach(img => {\n    img.addEventListener('click', () => {\n      modal.style.display = 'block';\n      modalImg.src = img.src;\n    });\n  });\n\n  \/\/ Cerrar el modal al hacer clic en la 'x'\n  closeModal.addEventListener('click', () => {\n    modal.style.display = 'none';\n  });\n\n  \/\/ Cerrar el modal al hacer clic fuera de la imagen\n  window.addEventListener('click', (e) => {\n    if (e.target === modal) {\n      modal.style.display = 'none';\n    }\n  });\n<\/script><\/p>\n","protected":false},"excerpt":{"rendered":"<p>Alimentaci\u00f3n Complementaria en el Lactante \u00d7 ALIMENTACI\u00d3N COMPLEMENTARIA EN EL LACTANTE La alimentaci\u00f3n complementar\u00eda (AC) consiste en la introducci\u00f3n progresiva de los alimentos necesarios para complementar la lactancia a partir de los 6 meses de edad. Adelantar o retrasar la introducci\u00f3n de la AC puede conllevar riesgos. RECOMENDACIONES: Es conveniente esperar a que el beb\u00e9 [&hellip;]<\/p>\n","protected":false},"author":1,"featured_media":0,"parent":0,"menu_order":0,"comment_status":"closed","ping_status":"closed","template":"page-full-width.php","meta":{"footnotes":""},"class_list":["post-3612","page","type-page","status-publish","hentry"],"_links":{"self":[{"href":"https:\/\/www.concyl.es\/index.php\/wp-json\/wp\/v2\/pages\/3612","targetHints":{"allow":["GET"]}}],"collection":[{"href":"https:\/\/www.concyl.es\/index.php\/wp-json\/wp\/v2\/pages"}],"about":[{"href":"https:\/\/www.concyl.es\/index.php\/wp-json\/wp\/v2\/types\/page"}],"author":[{"embeddable":true,"href":"https:\/\/www.concyl.es\/index.php\/wp-json\/wp\/v2\/users\/1"}],"replies":[{"embeddable":true,"href":"https:\/\/www.concyl.es\/index.php\/wp-json\/wp\/v2\/comments?post=3612"}],"version-history":[{"count":2,"href":"https:\/\/www.concyl.es\/index.php\/wp-json\/wp\/v2\/pages\/3612\/revisions"}],"predecessor-version":[{"id":3616,"href":"https:\/\/www.concyl.es\/index.php\/wp-json\/wp\/v2\/pages\/3612\/revisions\/3616"}],"wp:attachment":[{"href":"https:\/\/www.concyl.es\/index.php\/wp-json\/wp\/v2\/media?parent=3612"}],"curies":[{"name":"wp","href":"https:\/\/api.w.org\/{rel}","templated":true}]}}