 {"id":3324,"date":"2024-10-29T10:39:00","date_gmt":"2024-10-29T10:39:00","guid":{"rendered":"https:\/\/www.concyl.es\/?page_id=3324"},"modified":"2025-01-14T19:00:40","modified_gmt":"2025-01-14T19:00:40","slug":"campana-sos","status":"publish","type":"page","link":"https:\/\/www.concyl.es\/index.php\/campana-sos\/","title":{"rendered":"Campa\u00f1a SOS"},"content":{"rendered":"\n<p>\u00a0<\/p>\n<!-- Incluir Font Awesome para los iconos -->\n<p><style>\n        \/* Estilos generales *\/\n        body {\n            font-family: Arial, sans-serif;\n            margin: 0;\n            padding: 0;\n        }\n\n        \/* Contenedor para la imagen y el texto *\/\n        .image-text-container {\n            max-width: 759px; \/* Ancho de la imagen GIF *\/\n            width: 100%;\n            margin: 0 auto; \/* Centrar horizontalmente *\/\n            padding: 0 10px; \/* Opcional: peque\u00f1o padding lateral *\/\n        }\n\n        \/* Estilos para los enlaces de descarga *\/\n        .download-link {\n            display: block;\n            margin-bottom: 15px;\n            text-decoration: none;\n            color: #006938!important;\n        }\n\n        .download-link i {\n            font-size: 24px;\n            vertical-align: middle;\n        }\n\n        .download-link span {\n            font-weight: bold;\n            margin-left: 8px;\n        }\n\n        \/* Clase adicional para enlaces de video *\/\n        .download-link-inline {\n            display: inline-block;\n            margin-bottom: 15px;\n            margin-right: 10px; \/* Espacio despu\u00e9s de la coma *\/\n        }\n\n        \/* Estilos para el separador *\/\n        .separator {\n            margin: 20px 0 0 0 !important;\n            text-align: center;\n            color: #FFFCD1 !important;\n            background: #006938 !important;\n            \/*padding: 15px 0 !important;*\/\n            width: 100%;\n            box-sizing: border-box;\n        }\n\n        \/* Estilos para el grid de im\u00e1genes *\/\n        .image-grid {\n            display: flex;\n            flex-wrap: wrap;\n            justify-content: center;\n            margin: 20px 0;\n        }\n\n        .image-grid div {\n            flex: 1 1 30%;\n            max-width: 30%;\n            padding: 10px;\n            box-sizing: border-box;\n        }\n\n        .image-grid img {\n            width: 100%;\n            height: auto;\n            display: block;\n            cursor: pointer;\n            transition: transform 0.2s;\n        }\n\n        .image-grid img:hover {\n            transform: scale(1.05);\n        }\n\n        \/* Estilos para el modal *\/\n        .modal {\n            display: none; \/* Oculto por defecto *\/\n            position: fixed; \/* Fijo en la pantalla *\/\n            z-index: 1000; \/* Por encima de otros elementos *\/\n            left: 0;\n            top: 0;\n            width: 100%;\n            height: 100%;\n            overflow: auto; \/* Habilita scroll si es necesario *\/\n            background-color: rgba(0,0,0,0.8); \/* Fondo semitransparente *\/\n        }\n\n        .modal-content {\n            margin: 5% auto;\n            display: block;\n            max-width: 90%;\n            max-height: 80%;\n        }\n\n        \/* Estilos para cerrar el modal *\/\n        .close-modal {\n            position: absolute;\n            top: 20px;\n            right: 35px;\n            color: #fff;\n            font-size: 40px;\n            font-weight: bold;\n            cursor: pointer;\n        }\n\n        .close-modal:hover,\n        .close-modal:focus {\n            color: #bbb;\n            text-decoration: none;\n            cursor: pointer;\n        }\n\n        \/* Media Queries para Responsividad *\/\n        @media (max-width: 920px) {\n            .image-grid div {\n                flex: 1 1 45%;\n                max-width: 45%;\n            }\n        }\n\n        @media (max-width: 600px) {\n            .image-grid div {\n                flex: 1 1 100%;\n                max-width: 100%;\n            }\n        }\n    <\/style><\/p>\n<!-- Contenedor para la imagen GIF y el texto -->\n<div class=\"image-text-container\">\n<div id=\"inicio\" style=\"text-align: center; margin: 20px 0;\"><strong style=\"font-size: revert; color: initial;\"> <a href=\"https:\/\/www.atiendojcyl.es\/\" target=\"_blank\" rel=\"noopener\"> <img decoding=\"async\" style=\"max-width: 100%; height: 105px; display: inline !important;\" src=\"https:\/\/www.concyl.es\/wp-content\/uploads\/2024\/10\/GIF_Banner_Farmacia-SOS-2.gif\" alt=\"Banner Farmacia SOS\" width=\"759\" \/> <\/a> <\/strong><\/div>\n<p style=\"margin: 20px 0; text-align: justify;\">Campa\u00f1a Financiada con fondos europeos \u00abNext Generation\u00bb, esta iniciativa se centra en la prevenci\u00f3n y sensibilizaci\u00f3n ante este tipo de violencia. Bajo el lema <b>Seguridad y Orientaci\u00f3n, Siempre &#8211; SOS &#8211;<\/b>, las farmacias se convierten en espacios donde las v\u00edctimas pueden encontrar apoyo, ayuda y orientaci\u00f3n para acceder a los recursos p\u00fablicos disponibles en la Comunidad.<\/p>\n<p style=\"margin: 20px 0; text-align: justify;\">M\u00e1s informaci\u00f3n, apoyo y atenci\u00f3n a las v\u00edctimas en: <a style=\"color: #006938; text-decoration: underline;\" href=\"https:\/\/www.atiendojcyl.es\/\" target=\"_blank\" rel=\"noopener\">https:\/\/www.atiendojcyl.es\/<\/a><\/p>\n<\/div>\n<div style=\"width: 40%; margin: 30px auto; text-align: left;\">\n<p><a class=\"download-link\" href=\"https:\/\/www.concyl.es\/wp-content\/uploads\/2024\/10\/NP_Concyl_rueda_Agresiones_concyl_.pdf\" target=\"_blank\" rel=\"noopener\"> <i class=\"fas fa-file-archive\"><\/i> Nota de prensa <\/a> <a class=\"download-link\" href=\"https:\/\/www.concyl.es\/wp-content\/uploads\/2024\/10\/Folleto-A5_Farmacia-SOS.pdf\" target=\"_blank\" rel=\"noopener\"> <i class=\"fas fa-file-pdf\"><\/i> Descargar Folleto A5 <\/a> <a class=\"download-link\" href=\"https:\/\/www.concyl.es\/wp-content\/uploads\/2024\/10\/Diptico_PNG.zip\" target=\"_blank\" rel=\"noopener\"> <i class=\"fas fa-file-archive\"><\/i> Descargar D\u00edptico PNG <\/a> <a class=\"download-link\" href=\"https:\/\/www.concyl.es\/wp-content\/uploads\/2024\/10\/Carteles_Camp_SOS.zip\" target=\"_blank\" rel=\"noopener\"> <i class=\"fas fa-file-pdf\"><\/i> Descargar Carteler\u00eda A3 <\/a> <!-- Enlaces de Video Presentaci\u00f3n y Video 2 en la misma l\u00ednea --> <a class=\"download-link download-link-inline\" href=\"https:\/\/www.concyl.es\/wp-content\/uploads\/2024\/10\/Video_punto_SOS.mp4\" target=\"_blank\" rel=\"noopener\"> <i class=\"fas fa-file-video\"><\/i> Video Presentaci\u00f3n, <\/a> <a class=\"download-link download-link-inline\" href=\"https:\/\/www.concyl.es\/wp-content\/uploads\/2024\/10\/CSOS_.mp4\" target=\"_blank\" rel=\"noopener\"> <i class=\"fas fa-file-video\"><\/i> Video Rueda Prensa Farmacia\u00a0<\/a><a class=\"download-link\" href=\"https:\/\/www.concyl.es\/wp-content\/uploads\/2024\/10\/20241024_FARMACEUTICOS_CunaRadio_v03.mp3\" target=\"_blank\" rel=\"noopener\"><i class=\"fas fa-file-audio\"><\/i> Cu\u00f1a de Radio <\/a> <!-- Nuevo enlace para Infograf\u00eda --> <a class=\"download-link\" href=\"https:\/\/www.concyl.es\/wp-content\/uploads\/2024\/10\/03_Infografia_Agresion_Sexual.pdf\" target=\"_blank\" rel=\"noopener\"> <i class=\"fas fa-file-pdf\"><\/i>\u00a0Protocolo actuaci\u00f3n en las farmacias<\/a><\/p>\n<\/div>\n<div style=\"width: 100%; text-align: center;\">\u00a0<\/div>\n<!-- Separador \"Rueda de prensa*\" -->\n<h3 class=\"separator\">Rueda de prensa<\/h3>\n<div class=\"image-grid\"><!-- Imagen 1 -->\n<div><img decoding=\"async\" class=\"clickable-image\" src=\"https:\/\/www.concyl.es\/wp-content\/uploads\/2024\/10\/CSOS_01.jpeg\" alt=\"CSOS 01\" \/><\/div>\n<!-- Imagen 2 -->\n<div><img decoding=\"async\" class=\"clickable-image\" src=\"https:\/\/www.concyl.es\/wp-content\/uploads\/2024\/10\/CSOS_02.jpeg\" alt=\"CSOS 02\" \/><\/div>\n<!-- Imagen 3 -->\n<div><img decoding=\"async\" class=\"clickable-image\" src=\"https:\/\/www.concyl.es\/wp-content\/uploads\/2024\/10\/CSOS_03.jpeg\" alt=\"CSOS 03\" \/><\/div>\n<!-- Imagen 4 -->\n<div><img decoding=\"async\" class=\"clickable-image\" src=\"https:\/\/www.concyl.es\/wp-content\/uploads\/2024\/10\/CSOS_04.jpeg\" alt=\"CSOS 04\" \/><\/div>\n<!-- Imagen 5 -->\n<div><img decoding=\"async\" class=\"clickable-image\" src=\"https:\/\/www.concyl.es\/wp-content\/uploads\/2024\/10\/CSOS_05.jpeg\" alt=\"CSOS 05\" \/><\/div>\n<!-- Imagen 6 -->\n<div><img decoding=\"async\" class=\"clickable-image\" src=\"https:\/\/www.concyl.es\/wp-content\/uploads\/2024\/10\/CSOS_06.jpeg\" alt=\"CSOS 06\" \/><\/div>\n<\/div>\n<!-- Modal para mostrar im\u00e1genes en tama\u00f1o completo -->\n<div id=\"imageModal\" class=\"modal\"><span class=\"close-modal\">\u00d7<\/span> <img id=\"modalImage\" class=\"modal-content\" \/><\/div>\n<div>\u00a0<\/div>\n<!-- Scripts para el modal -->\n<p><script>\n        \/\/ Obtener elementos del DOM\n        const modal = document.getElementById('imageModal');\n        const modalImg = document.getElementById('modalImage');\n        const closeModal = document.getElementsByClassName('close-modal')[0];\n        const images = document.querySelectorAll('.clickable-image');\n\n        \/\/ A\u00f1adir evento de clic a cada imagen\n        images.forEach(img => {\n            img.addEventListener('click', () => {\n                modal.style.display = 'block';\n                modalImg.src = img.src;\n            });\n        });\n\n        \/\/ Cerrar el modal al hacer clic en la 'x'\n        closeModal.addEventListener('click', () => {\n            modal.style.display = 'none';\n        });\n\n        \/\/ Cerrar el modal al hacer clic fuera de la imagen\n        window.addEventListener('click', (e) => {\n            if (e.target == modal) {\n                modal.style.display = 'none';\n            }\n        });\n    <\/script><\/p>\n","protected":false},"excerpt":{"rendered":"<p>\u00a0 Campa\u00f1a Financiada con fondos europeos \u00abNext Generation\u00bb, esta iniciativa se centra en la prevenci\u00f3n y sensibilizaci\u00f3n ante este tipo de violencia. Bajo el lema Seguridad y Orientaci\u00f3n, Siempre &#8211; SOS &#8211;, las farmacias se convierten en espacios donde las v\u00edctimas pueden encontrar apoyo, ayuda y orientaci\u00f3n para acceder a los recursos p\u00fablicos disponibles en [&hellip;]<\/p>\n","protected":false},"author":1,"featured_media":0,"parent":0,"menu_order":0,"comment_status":"closed","ping_status":"closed","template":"page-full-width.php","meta":{"footnotes":""},"class_list":["post-3324","page","type-page","status-publish","hentry"],"_links":{"self":[{"href":"https:\/\/www.concyl.es\/index.php\/wp-json\/wp\/v2\/pages\/3324","targetHints":{"allow":["GET"]}}],"collection":[{"href":"https:\/\/www.concyl.es\/index.php\/wp-json\/wp\/v2\/pages"}],"about":[{"href":"https:\/\/www.concyl.es\/index.php\/wp-json\/wp\/v2\/types\/page"}],"author":[{"embeddable":true,"href":"https:\/\/www.concyl.es\/index.php\/wp-json\/wp\/v2\/users\/1"}],"replies":[{"embeddable":true,"href":"https:\/\/www.concyl.es\/index.php\/wp-json\/wp\/v2\/comments?post=3324"}],"version-history":[{"count":26,"href":"https:\/\/www.concyl.es\/index.php\/wp-json\/wp\/v2\/pages\/3324\/revisions"}],"predecessor-version":[{"id":3443,"href":"https:\/\/www.concyl.es\/index.php\/wp-json\/wp\/v2\/pages\/3324\/revisions\/3443"}],"wp:attachment":[{"href":"https:\/\/www.concyl.es\/index.php\/wp-json\/wp\/v2\/media?parent=3324"}],"curies":[{"name":"wp","href":"https:\/\/api.w.org\/{rel}","templated":true}]}}