 {"id":3173,"date":"2023-12-15T11:56:47","date_gmt":"2023-12-15T11:56:47","guid":{"rendered":"https:\/\/www.concyl.es\/?page_id=3173"},"modified":"2023-12-18T12:25:29","modified_gmt":"2023-12-18T12:25:29","slug":"canal-de-denuncias","status":"publish","type":"page","link":"https:\/\/www.concyl.es\/index.php\/canal-de-denuncias\/","title":{"rendered":"Canal de denuncias"},"content":{"rendered":"\n<p><style>\n.tag-box-v12 { \n    border: 0px; \n    border-top: solid 2px #72c02c; \n} \n.tag-box-v12 { \n    padding: 20px; \n} \n.custom-button12 {\n    display: inline-block;\n    padding: 10px 20px;\n    background-color: green;\n    color: white;\n    text-decoration: none;\n    border-radius: 10px;\n    font-weight: bold;\n}\n.center-icons {\n    text-align: center;\n    margin-bottom: 20px;\n}\n.center-icons a {\n    margin: 0 10px;\n    color: black;\n    text-decoration: none;\n}\n.center-icons a i {\n    color: red!important;\n    font-size: 3em;\n}\n<\/style> <a name=\"canal-de-denuncias\"><\/a><\/p>\n<h1 style=\"text-align: center;\">Canal Interno de Denuncias &#8211; CONCYL<\/h1>\n<div class=\"col-md-12 tab-box tag-box-v12\">\n<p>El Consejo de Colegios Profesionales de Farmac\u00e9uticos de Castilla y Le\u00f3n (en adelante, el \u201cCONCYL\u201d) dispone de un canal interno de denuncias de acuerdo con lo dispuesto en la Ley 2\/2023, de 20 de febrero, reguladora de la protecci\u00f3n de las personas que informen sobre infracciones normativas y de lucha contra la corrupci\u00f3n.<\/p>\n<p>Este canal interno de denuncias que proporciona el CONCYL es un canal seguro y bidireccional que sirve de instrumento para presentar informaciones relacionadas con acciones u omisiones ocasionadas en el seno de la actividad y organizaci\u00f3n del propio CONCYL y que puedan ser constitutivas de infracci\u00f3n penal o administrativa grave o muy grave. El canal, tiene como objeto proteger ante cualquier intento de represalia, tanto al personal interno como a terceros que, en un contexto laboral o profesional, informen de dichas conductas.<\/p>\n<p>Todas las denuncias realizadas a trav\u00e9s del canal interno de denuncias ser\u00e1n confidenciales. El denunciante tiene la plena garant\u00eda del anonimato si opta por hacer la denuncia de manera an\u00f3nima.<\/p>\n<p>No es un canal apropiado para presentar quejas, sugerencias o reclamaciones en relaci\u00f3n con los servicios prestados por los farmac\u00e9uticos colegiados en su actividad profesional o sobre la actividad de los Colegios Oficiales de Farmac\u00e9uticos, en cuyo caso puede dirigirse al apartado espec\u00edfico del \u201cventanilla \u00fanica\u201d del CONCYL ubicado en esta web.<\/p>\n<p>Puedes consultar la Pol\u00edtica del Sistema Interno de Informaci\u00f3n y Procedimiento de Gesti\u00f3n de Informaciones del Concyl en el <a href=\"https:\/\/www.concyl.es\/index.php\/reglamento-politica-canal-comunicaciones\/#Inicio_p\" target=\"_blank\" rel=\"noopener\">siguiente enlace<\/a>.<\/p>\n<p>Utilizaremos sus datos para gestionar el canal \u00e9tico. Para m\u00e1s informaci\u00f3n sobre el tratamiento y sus derechos, consulte la <a href=\"https:\/\/www.concyl.es\/index.php\/politica-de-privacidad\/#Inicio_p\" target=\"_blank\" rel=\"noopener\">pol\u00edtica de privacidad<\/a>.<\/p>\n<!-- Bot\u00f3n modificado -->\n<div style=\"text-align: center;\"><a class=\"custom-button12\" href=\"https:\/\/rs.canaldedenuncias.app\/Formulario.aspx?Id=24\">ACCEDER<\/a><\/div>\n<\/div>\n","protected":false},"excerpt":{"rendered":"<p>Canal Interno de Denuncias &#8211; CONCYL El Consejo de Colegios Profesionales de Farmac\u00e9uticos de Castilla y Le\u00f3n (en adelante, el \u201cCONCYL\u201d) dispone de un canal interno de denuncias de acuerdo con lo dispuesto en la Ley 2\/2023, de 20 de febrero, reguladora de la protecci\u00f3n de las personas que informen sobre infracciones normativas y de [&hellip;]<\/p>\n","protected":false},"author":1,"featured_media":0,"parent":0,"menu_order":0,"comment_status":"closed","ping_status":"closed","template":"page-full-width.php","meta":{"footnotes":""},"class_list":["post-3173","page","type-page","status-publish","hentry"],"_links":{"self":[{"href":"https:\/\/www.concyl.es\/index.php\/wp-json\/wp\/v2\/pages\/3173","targetHints":{"allow":["GET"]}}],"collection":[{"href":"https:\/\/www.concyl.es\/index.php\/wp-json\/wp\/v2\/pages"}],"about":[{"href":"https:\/\/www.concyl.es\/index.php\/wp-json\/wp\/v2\/types\/page"}],"author":[{"embeddable":true,"href":"https:\/\/www.concyl.es\/index.php\/wp-json\/wp\/v2\/users\/1"}],"replies":[{"embeddable":true,"href":"https:\/\/www.concyl.es\/index.php\/wp-json\/wp\/v2\/comments?post=3173"}],"version-history":[{"count":7,"href":"https:\/\/www.concyl.es\/index.php\/wp-json\/wp\/v2\/pages\/3173\/revisions"}],"predecessor-version":[{"id":3212,"href":"https:\/\/www.concyl.es\/index.php\/wp-json\/wp\/v2\/pages\/3173\/revisions\/3212"}],"wp:attachment":[{"href":"https:\/\/www.concyl.es\/index.php\/wp-json\/wp\/v2\/media?parent=3173"}],"curies":[{"name":"wp","href":"https:\/\/api.w.org\/{rel}","templated":true}]}}