 {"id":3111,"date":"2023-03-31T14:50:07","date_gmt":"2023-03-31T14:50:07","guid":{"rendered":"https:\/\/www.concyl.es\/?page_id=3111"},"modified":"2023-04-03T08:17:04","modified_gmt":"2023-04-03T08:17:04","slug":"formacion-receta-electronica-europea","status":"publish","type":"page","link":"https:\/\/www.concyl.es\/index.php\/formacion-receta-electronica-europea\/","title":{"rendered":"Formaci\u00f3n Receta Electr\u00f3nica Europea"},"content":{"rendered":"\n<p><style>\n \/*ul{  margin:2% 10% 0% 10%!important;} *\/\nh33 {  margin:0% 10% 0% 10%!important; text-align: center!important;} \nh3 {  text-align: center; color: #FFFCD1!important;  background: #bc243c!important;  padding: 5px 5px 5px 30px!important;  margin:0% 0% 0% 0%!important;} \nh5 {  margin:3% 10% 0% 10%!important;} \ntable {  margin:1% 10% 0% 10%!important;} \n td { color:#777777 !important;}  \nimg { \n   max-width: 100%;\n   height: auto; \n   margin-top: 15px;\n} \n \n<\/style><\/p>\n<h3 id=\"contenido\" style=\"text-align: center; color: #fffcd1!important; background: #006938!important;\"><strong>Interoperabilidad Europea<\/strong><\/h3>\n<h5 style=\"text-align: center; margin-top: 20px;\"><b>Informaci\u00f3n para Profesionales Farmac\u00e9uticos<\/b><\/h5>\n<p><a href=\"https:\/\/www.concyl.es\/wp-content\/uploads\/2023\/03\/DIPTICO-RECETA-EUROPEA-CONCYL.pdf\"> <img decoding=\"async\" src=\"https:\/\/www.concyl.es\/wp-content\/uploads\/2023\/03\/infografia_IOP_EU_farmaceuticos_imagen.png\" alt=\"Infograf\u00eda para profesionales farmac\u00e9uticos\" \/> <\/a><\/p>\n<p style=\"text-align: center;\"><a href=\"https:\/\/www.concyl.es\/wp-content\/uploads\/2023\/03\/DIPTICO-RECETA-EUROPEA-CONCYL.pdf\">Descargar pdf<\/a><\/p>\n<h5 style=\"text-align: center; margin-top: 20px;\"><b> Informaci\u00f3n para pacientes<\/b><\/h5>\n<p><a href=\"https:\/\/www.concyl.es\/wp-content\/uploads\/2023\/03\/Receta-Electronica-Interoperable-Europa-ciudadanos.pdf\"> <img decoding=\"async\" src=\"https:\/\/www.concyl.es\/wp-content\/uploads\/2023\/03\/infografia_IOP_EU_pacientes_imagen.png\" alt=\"Infograf\u00eda para pacientes\" \/> <\/a><\/p>\n<p style=\"text-align: center;\"><a href=\"https:\/\/www.concyl.es\/wp-content\/uploads\/2023\/03\/Receta-Electronica-Interoperable-Europa-ciudadanos.pdf\">Descargar pdf<\/a><\/p>\n","protected":false},"excerpt":{"rendered":"<p>Interoperabilidad Europea Informaci\u00f3n para Profesionales Farmac\u00e9uticos Descargar pdf Informaci\u00f3n para pacientes Descargar pdf<\/p>\n","protected":false},"author":1,"featured_media":0,"parent":0,"menu_order":0,"comment_status":"closed","ping_status":"closed","template":"page-full-width.php","meta":{"footnotes":""},"class_list":["post-3111","page","type-page","status-publish","hentry"],"_links":{"self":[{"href":"https:\/\/www.concyl.es\/index.php\/wp-json\/wp\/v2\/pages\/3111","targetHints":{"allow":["GET"]}}],"collection":[{"href":"https:\/\/www.concyl.es\/index.php\/wp-json\/wp\/v2\/pages"}],"about":[{"href":"https:\/\/www.concyl.es\/index.php\/wp-json\/wp\/v2\/types\/page"}],"author":[{"embeddable":true,"href":"https:\/\/www.concyl.es\/index.php\/wp-json\/wp\/v2\/users\/1"}],"replies":[{"embeddable":true,"href":"https:\/\/www.concyl.es\/index.php\/wp-json\/wp\/v2\/comments?post=3111"}],"version-history":[{"count":8,"href":"https:\/\/www.concyl.es\/index.php\/wp-json\/wp\/v2\/pages\/3111\/revisions"}],"predecessor-version":[{"id":3132,"href":"https:\/\/www.concyl.es\/index.php\/wp-json\/wp\/v2\/pages\/3111\/revisions\/3132"}],"wp:attachment":[{"href":"https:\/\/www.concyl.es\/index.php\/wp-json\/wp\/v2\/media?parent=3111"}],"curies":[{"name":"wp","href":"https:\/\/api.w.org\/{rel}","templated":true}]}}