 {"id":306,"date":"2017-09-05T08:45:50","date_gmt":"2017-09-05T08:45:50","guid":{"rendered":"http:\/\/www.concyl.es\/?page_id=306"},"modified":"2022-05-10T15:16:27","modified_gmt":"2022-05-10T15:16:27","slug":"recetaelectronica","status":"publish","type":"page","link":"https:\/\/www.concyl.es\/index.php\/recetaelectronica\/","title":{"rendered":"Receta Electr\u00f3nica"},"content":{"rendered":"<style>\n h33 {  margin:4% 10% 1% 10%!important;  } \nh3 {  color: #FFFCD1!important;  background: #006938!important;  padding: 5px 5px 5px 30px!important;  margin:0% 0% 0% 0%!important;} \n h4 {  margin:0% 10% 1% 15%!important;  } \nh5 {  margin:3% 10% 0% 10%!important;} \ntable {  margin:1% 10% 0% 10%!important;} \ntd { color:#777777 !important;} \nimg { \n  display: block; \n  margin-left: auto; \n  margin-right: auto; \n} \n<\/style>\n<div style=\"margin: 0% 0% 2% 2%;\">\n<h3 style=\"margin: 0% 10% 0% 10%!important;\">Receta electr\u00f3nica de Castilla y Le\u00f3n<\/h3>\n<div class=\"w3-container\"><img decoding=\"async\" class=\"w3-round\" style=\"float: left; margin: 1% 7.5% 0% 12%; width: 280px;\" src=\"..\/..\/wp-content\/uploads\/2021\/03\/02_RE_CONCYL.jpg\" alt=\"Receta Electr\u00f3nica\" \/><\/p>\n<p style=\"margin-top: 1%;\">Ahora la tarjeta es la receta.<\/p>\n<p style=\"margin: 2% 10% 0% 10%!important;\">Todas las farmacias de Castilla y Le\u00f3n pueden dispensar recetas electr\u00f3nicas.<\/p>\n<p style=\"margin: 2% 10% 0% 10%!important;\">Para acceder a tu tratamiento es imprescindible tu tarjeta sanitaria. En el caso de tener alg\u00fan problema con la lectura de tu tarjeta, puedes acudir a la farmacia con la hoja de medicaci\u00f3n.<\/p>\n<\/div>\n<\/div>\n<div style=\"margin: 4% 0% 2% 2%;\">\n<h3 style=\"margin: 0% 10% 0% 10%!important;\">Receta electr\u00f3nica interoperable<\/h3>\n<div class=\"w3-container\" style=\"margin: 1% 0% 0% 2%;\"><img decoding=\"async\" class=\"w3-round\" style=\"float: left; margin: 1% 8% 0% 10%; width: 280px;\" src=\"..\/..\/wp-content\/uploads\/2021\/03\/03_Re_iop_cyl_red_01-copia.png\" alt=\"Receta Electr\u00f3nica Interoperable\" \/><\/p>\n<p style=\"margin-top: 1%;\">Puede retirar sus medicamentos en todo el territorio nacional.<\/p>\n<p>Antes de viajar fuera de Castilla y Le\u00f3n pregunta en tu farmacia.<\/p>\n<\/div>\n<\/div>\n<div class=\"w3-container w3-row\" style=\"margin: 8% 0% 2% 2%;\">\n<h3 style=\"margin: 0% 10% 0% 10%!important;\">Sacyl Conecta<\/h3>\n<p><!--div class=\"w3-container w3-row\" style=\"margin: 1% 0% 0% 2%;\"--><\/p>\n<div class=\" w3-container w3-third\"><a href=\"..\/..\/wp-content\/uploads\/2021\/04\/sacyl_conecta_gestion_de_recetas.jpg\"> <img decoding=\"async\" class=\"w3-round\" style=\"float: left; margin: 1% 8% 0% 10%; width: 280px;\" src=\"..\/..\/wp-content\/uploads\/2021\/04\/sacyl_conecta_gestion_de_recetas.jpg\" alt=\"Receta Electr\u00f3nica Interoperable\" \/> <\/a><\/div>\n<div class=\" w3-container w3-twothird\" style=\"margin: 2% 10% 0% 10%!important;\">\n<p>La nueva herramienta que permite acceder de forma sencilla a servicios e informaci\u00f3n sanitaria:<\/p>\n<div style=\"margin: 2% 10% 0% 10%!important;\">\n<ul id=\"navlist11\">\n<li>Pedir cita con distintos profesionales, pudiendo escoger fecha y hora: M\u00e9dico de familia, Enfermera, Matrona y extracciones<\/li>\n<li style=\"margin: 1% 0% 0% 0%!important;\">Autoevaluaci\u00f3n, consejos y recomendaciones COVID-19<\/li>\n<li style=\"margin: 1% 0% 0% 0%!important;\">B\u00fasqueda de recursos sanitarios disponibles<\/li>\n<li style=\"margin: 1% 0% 0% 0%!important;\">Acceso a documentaci\u00f3n cl\u00ednica: Hoja de Medicaci\u00f3n de Receta Electr\u00f3nica (permite comprobar las fechas de renovaci\u00f3n de tratamientos), informes de resultados de laboratorio, Hoja actualizada tratamiento anticoagulante Sintrom\u00ae<\/li>\n<li style=\"margin: 1% 0% 0% 0%!important;\">Acceso a la App \u201cMi Pediatra\u201d<\/li>\n<\/ul>\n<\/div>\n<p style=\"margin: 4% 10% 0% 10%!important;\"><a href=\"..\/..\/files\/RE\/sacyl_conecta_gestion_de_recetas_folleto.pdf\">Gestiona la renovaci\u00f3n de la medicaci\u00f3n con la ayuda de Sacyl Conecta<\/a><\/p>\n<p style=\"margin: 2% 10% 0% 10%!important;\"><a href=\"..\/..\/files\/RE\/1766284-Que_es_SACYL_conecta.pdf\">\u00bfQu\u00e9 es Sacyl Conecta?<\/a><\/p>\n<\/div>\n<p><!--\/div--><\/p>\n<\/div>\n<div style=\"margin: 8% 0% 2% 2%;\">\n<h3 style=\"text-align: center;\">RECETA ELECTR\u00d3NICA &#8211; WEB DE CONTINGENCIAS<\/h3>\n<h4 style=\"margin: 2% 0% 0% 16%!important;\">Informaci\u00f3n para farmacias<\/h4>\n<p style=\"margin: 2% 10% 0% 16%!important;\">El siguiente <a href=\"http:\/\/contingencia.dizre.info\/re_concyl\/contingencias\/\">enlace<\/a> est\u00e1 disponible el acceso a la web de contingencias dentro de la VPN.<\/p>\n<\/div>\n","protected":false},"excerpt":{"rendered":"<p>Receta electr\u00f3nica de Castilla y Le\u00f3n Ahora la tarjeta es la receta. Todas las farmacias de Castilla y Le\u00f3n pueden dispensar recetas electr\u00f3nicas. Para acceder a tu tratamiento es imprescindible tu tarjeta sanitaria. En el caso de tener alg\u00fan problema con la lectura de tu tarjeta, puedes acudir a la farmacia con la hoja de [&hellip;]<\/p>\n","protected":false},"author":1,"featured_media":0,"parent":0,"menu_order":0,"comment_status":"closed","ping_status":"closed","template":"page-full-width.php","meta":{"footnotes":""},"class_list":["post-306","page","type-page","status-publish","hentry"],"_links":{"self":[{"href":"https:\/\/www.concyl.es\/index.php\/wp-json\/wp\/v2\/pages\/306","targetHints":{"allow":["GET"]}}],"collection":[{"href":"https:\/\/www.concyl.es\/index.php\/wp-json\/wp\/v2\/pages"}],"about":[{"href":"https:\/\/www.concyl.es\/index.php\/wp-json\/wp\/v2\/types\/page"}],"author":[{"embeddable":true,"href":"https:\/\/www.concyl.es\/index.php\/wp-json\/wp\/v2\/users\/1"}],"replies":[{"embeddable":true,"href":"https:\/\/www.concyl.es\/index.php\/wp-json\/wp\/v2\/comments?post=306"}],"version-history":[{"count":97,"href":"https:\/\/www.concyl.es\/index.php\/wp-json\/wp\/v2\/pages\/306\/revisions"}],"predecessor-version":[{"id":2974,"href":"https:\/\/www.concyl.es\/index.php\/wp-json\/wp\/v2\/pages\/306\/revisions\/2974"}],"wp:attachment":[{"href":"https:\/\/www.concyl.es\/index.php\/wp-json\/wp\/v2\/media?parent=306"}],"curies":[{"name":"wp","href":"https:\/\/api.w.org\/{rel}","templated":true}]}}